{"id":353,"date":"2021-02-04T11:58:30","date_gmt":"2021-02-04T10:58:30","guid":{"rendered":"http:\/\/www.encoremusic.it\/wp_2021\/?post_type=product&#038;p=353"},"modified":"2021-11-16T17:49:30","modified_gmt":"2021-11-16T16:49:30","slug":"frate-alessandro-il-paese-del-sole","status":"publish","type":"product","link":"https:\/\/www.encoremusic.it\/wp_2021\/prodotto\/frate-alessandro-il-paese-del-sole\/","title":{"rendered":"Il Paese del Sole"},"content":{"rendered":"<p>[et_pb_section fb_built=&#8221;1&#8243; _builder_version=&#8221;4.9.1&#8243; background_color=&#8221;#000000&#8243; custom_padding=&#8221;0px||||false|false&#8221; da_disable_devices=&#8221;off|off|off&#8221; da_is_popup=&#8221;off&#8221; da_exit_intent=&#8221;off&#8221; da_has_close=&#8221;on&#8221; da_alt_close=&#8221;off&#8221; da_dark_close=&#8221;off&#8221; da_not_modal=&#8221;on&#8221; da_is_singular=&#8221;off&#8221; da_with_loader=&#8221;off&#8221; da_has_shadow=&#8221;on&#8221;][et_pb_row _builder_version=&#8221;3.25&#8243; background_size=&#8221;initial&#8221; background_position=&#8221;top_left&#8221; background_repeat=&#8221;repeat&#8221; width=&#8221;100%&#8221; custom_padding=&#8221;0px||0px||false|false&#8221;][et_pb_column type=&#8221;4_4&#8243; _builder_version=&#8221;3.25&#8243; custom_padding=&#8221;|||&#8221; custom_padding__hover=&#8221;|||&#8221;][et_pb_wc_breadcrumb _builder_version=&#8221;4.9.1&#8243; body_text_color=&#8221;#FFFFFF&#8221;][\/et_pb_wc_breadcrumb][\/et_pb_column][\/et_pb_row][et_pb_row column_structure=&#8221;1_2,1_2&#8243; _builder_version=&#8221;3.25&#8243; background_size=&#8221;initial&#8221; background_position=&#8221;top_left&#8221; background_repeat=&#8221;repeat&#8221; width=&#8221;100%&#8221; custom_padding=&#8221;0px||||false|false&#8221;][et_pb_column type=&#8221;1_2&#8243; _builder_version=&#8221;3.25&#8243; custom_padding=&#8221;|||&#8221; custom_padding__hover=&#8221;|||&#8221;][et_pb_wc_images _builder_version=&#8221;3.0.47&#8243;][\/et_pb_wc_images][\/et_pb_column][et_pb_column type=&#8221;1_2&#8243; _builder_version=&#8221;3.25&#8243; custom_padding=&#8221;|||&#8221; custom_padding__hover=&#8221;|||&#8221;][et_pb_wc_title _builder_version=&#8221;4.9.1&#8243; header_text_color=&#8221;#FFFFFF&#8221;][\/et_pb_wc_title][et_pb_wc_price _builder_version=&#8221;4.9.1&#8243; body_text_color=&#8221;#FF7C00&#8243; sale_price_text_color=&#8221;#FF7C00&#8243;][\/et_pb_wc_price][et_pb_wc_add_to_cart _builder_version=&#8221;4.9.1&#8243; fields_background_color=&#8221;#FFFFFF&#8221; fields_text_color=&#8221;#000000&#8243; fields_focus_text_color=&#8221;#000000&#8243; dropdown_menus_text_color=&#8221;#000000&#8243; dropdown_menus_focus_text_color=&#8221;#000000&#8243; custom_button=&#8221;on&#8221; button_text_color=&#8221;#FFFFFF&#8221; button_bg_color=&#8221;#FF7C00&#8243; button_border_color=&#8221;#FF7C00&#8243;][\/et_pb_wc_add_to_cart][\/et_pb_column][\/et_pb_row][et_pb_row _builder_version=&#8221;4.9.2&#8243; background_size=&#8221;initial&#8221; background_position=&#8221;top_left&#8221; background_repeat=&#8221;repeat&#8221; width=&#8221;100%&#8221; custom_padding=&#8221;0px||||false|false&#8221;][et_pb_column type=&#8221;4_4&#8243; _builder_version=&#8221;3.25&#8243; custom_padding=&#8221;|||&#8221; custom_padding__hover=&#8221;|||&#8221;][et_pb_wc_tabs active_tab_background_color=&#8221;RGBA(0,0,0,0)&#8221; inactive_tab_background_color=&#8221;RGBA(0,0,0,0)&#8221; active_tab_text_color=&#8221;#000000&#8243; include_tabs=&#8221;description||&#8221; _builder_version=&#8221;4.9.4&#8243; _module_preset=&#8221;default&#8221; tab_text_color=&#8221;RGBA(0,0,0,0)&#8221; body_text_color=&#8221;#FFFFFF&#8221; background_color=&#8221;#000000&#8243;][\/et_pb_wc_tabs][\/et_pb_column][\/et_pb_row][\/et_pb_section][et_pb_section fb_built=&#8221;1&#8243; _builder_version=&#8221;4.9.4&#8243; _module_preset=&#8221;default&#8221; hover_enabled=&#8221;0&#8243; da_disable_devices=&#8221;off|off|off&#8221; background_color=&#8221;#000000&#8243; sticky_enabled=&#8221;0&#8243; da_is_popup=&#8221;off&#8221; da_exit_intent=&#8221;off&#8221; da_has_close=&#8221;on&#8221; da_alt_close=&#8221;off&#8221; da_dark_close=&#8221;off&#8221; da_not_modal=&#8221;on&#8221; da_is_singular=&#8221;off&#8221; da_with_loader=&#8221;off&#8221; da_has_shadow=&#8221;on&#8221;][et_pb_row disabled_on=&#8221;off|off|off&#8221; admin_label=&#8221;CAROSELLO DESKTOP&#8221; _builder_version=&#8221;4.9.4&#8243; background_color=&#8221;#000000&#8243; width=&#8221;100%&#8221; custom_padding=&#8221;0px|||||&#8221;][et_pb_column type=&#8221;4_4&#8243; _builder_version=&#8221;3.29.1&#8243;][et_pb_text admin_label=&#8221;ULTIME USCITE&#8221; _builder_version=&#8221;4.9.0&#8243; text_text_color=&#8221;rgba(255,255,255,0.5)&#8221; text_font_size=&#8221;16px&#8221; text_line_height=&#8221;1.8em&#8221; header_2_font=&#8221;Montserrat|300|||||||&#8221; header_2_font_size=&#8221;48px&#8221; header_2_line_height=&#8221;1.2em&#8221; header_3_font=&#8221;Montserrat|700||on|||||&#8221; header_3_text_color=&#8221;#001272&#8243; header_3_font_size=&#8221;16px&#8221; header_3_letter_spacing=&#8221;2px&#8221; header_3_line_height=&#8221;1.4em&#8221; background_layout=&#8221;dark&#8221; custom_padding=&#8221;0px|||||&#8221; header_2_font_size_tablet=&#8221;40px&#8221; header_2_font_size_phone=&#8221;30px&#8221; header_2_font_size_last_edited=&#8221;on|phone&#8221; header_3_font_size_tablet=&#8221;14px&#8221; header_3_font_size_phone=&#8221;&#8221; header_3_font_size_last_edited=&#8221;on|phone&#8221; text_text_align=&#8221;left&#8221; locked=&#8221;off&#8221;]<\/p>\n<h2 style=\"text-align: center;\">Le Ultime Uscite<\/h2>\n<p>[\/et_pb_text][et_pb_shop type=&#8221;latest&#8221; posts_number=&#8221;8&#8243; columns_number=&#8221;4&#8243; sale_badge_color=&#8221;#FF7C00&#8243; icon_hover_color=&#8221;#FF7C00&#8243; hover_icon=&#8221;%%377%%&#8221; disabled_on=&#8221;off|off|off&#8221; admin_label=&#8221;Prodotti a 4 Colonne&#8221; _builder_version=&#8221;4.9.1&#8243; _module_preset=&#8221;default&#8221; title_text_align=&#8221;center&#8221; title_text_color=&#8221;#ffffff&#8221; title_font_size=&#8221;1em&#8221; price_font=&#8221;|800|||||||&#8221; price_text_align=&#8221;center&#8221; price_text_color=&#8221;#001272&#8243; price_font_size=&#8221;24px&#8221; custom_padding=&#8221;||0px|||&#8221;][\/et_pb_shop][\/et_pb_column][\/et_pb_row][\/et_pb_section][et_pb_section fb_built=&#8221;1&#8243; admin_label=&#8221;Footer&#8221; _builder_version=&#8221;4.9.2&#8243; background_color=&#8221;#000000&#8243; use_background_color_gradient=&#8221;on&#8221; background_color_gradient_start=&#8221;#000000&#8243; background_color_gradient_end=&#8221;rgba(0,0,0,0)&#8221; background_color_gradient_end_position=&#8221;50%&#8221; background_color_gradient_overlays_image=&#8221;on&#8221; background_enable_image=&#8221;off&#8221; width=&#8221;100%&#8221; custom_padding=&#8221;0px|||||&#8221; da_disable_devices=&#8221;off|off|off&#8221; global_module=&#8221;461&#8243; saved_tabs=&#8221;all&#8221; locked=&#8221;off&#8221; da_is_popup=&#8221;off&#8221; da_exit_intent=&#8221;off&#8221; da_has_close=&#8221;on&#8221; da_alt_close=&#8221;off&#8221; da_dark_close=&#8221;off&#8221; da_not_modal=&#8221;on&#8221; da_is_singular=&#8221;off&#8221; da_with_loader=&#8221;off&#8221; da_has_shadow=&#8221;on&#8221;][et_pb_row _builder_version=&#8221;4.9.2&#8243; _module_preset=&#8221;default&#8221; width=&#8221;100%&#8221;][et_pb_column type=&#8221;4_4&#8243; _builder_version=&#8221;4.7.7&#8243; _module_preset=&#8221;default&#8221;][et_pb_divider color=&#8221;#ffffff&#8221; divider_position=&#8221;center&#8221; divider_weight=&#8221;3px&#8221; _builder_version=&#8221;4.7.7&#8243; _module_preset=&#8221;default&#8221;][\/et_pb_divider][\/et_pb_column][\/et_pb_row][et_pb_row column_structure=&#8221;1_3,1_3,1_3&#8243; make_equal=&#8221;on&#8221; _builder_version=&#8221;4.9.2&#8243; width=&#8221;100%&#8221; custom_padding=&#8221;||0px|||&#8221; locked=&#8221;off&#8221;][et_pb_column type=&#8221;1_3&#8243; _builder_version=&#8221;3.27.3&#8243;][et_pb_text _builder_version=&#8221;4.9.4&#8243; header_text_align=&#8221;center&#8221; header_text_color=&#8221;#FF7C00&#8243; header_2_font=&#8221;Montserrat|300|||||||&#8221; header_2_font_size=&#8221;40px&#8221; header_2_line_height=&#8221;1.2em&#8221; header_3_font=&#8221;Montserrat|700||on|||||&#8221; header_3_text_color=&#8221;#FF7C00&#8243; header_3_font_size=&#8221;16px&#8221; header_3_letter_spacing=&#8221;2px&#8221; header_3_line_height=&#8221;1.4em&#8221; text_orientation=&#8221;center&#8221; background_layout=&#8221;dark&#8221; max_width=&#8221;600px&#8221; header_2_font_size_tablet=&#8221;30px&#8221; header_2_font_size_phone=&#8221;20px&#8221; header_2_font_size_last_edited=&#8221;on|phone&#8221; header_3_font_size_tablet=&#8221;14px&#8221; header_3_font_size_phone=&#8221;&#8221; header_3_font_size_last_edited=&#8221;on|phone&#8221; locked=&#8221;off&#8221;]<\/p>\n<h2>Encore <strong>Music<\/strong><\/h2>\n<h3>Jazz Music Label<\/h3>\n<p>[\/et_pb_text][\/et_pb_column][et_pb_column type=&#8221;1_3&#8243; _builder_version=&#8221;3.27.3&#8243;][et_pb_button button_url=&#8221;#contatti&#8221; button_text=&#8221;CONTATTI&#8221; button_alignment=&#8221;center&#8221; _builder_version=&#8221;4.9.4&#8243; _module_preset=&#8221;default&#8221; custom_button=&#8221;on&#8221; button_text_color=&#8221;#FFFFFF&#8221; button_bg_color=&#8221;gcid-ba10a64e-42fa-4f71-b9b5-1bf61b053a2b&#8221; button_border_color=&#8221;gcid-ba10a64e-42fa-4f71-b9b5-1bf61b053a2b&#8221; global_colors_info=&#8221;{%22gcid-ba10a64e-42fa-4f71-b9b5-1bf61b053a2b%22:%91%22button_bg_color%22,%22button_border_color%22%93}&#8221;][\/et_pb_button][\/et_pb_column][et_pb_column type=&#8221;1_3&#8243; _builder_version=&#8221;3.27.3&#8243;][et_pb_text _builder_version=&#8221;4.9.4&#8243; text_line_height=&#8221;1.8em&#8221; link_text_align=&#8221;left&#8221; link_text_color=&#8221;#ffffff&#8221; header_text_align=&#8221;center&#8221; header_4_font=&#8221;Montserrat|700||on|||||&#8221; header_4_text_color=&#8221;#FF7C00&#8243; header_4_font_size=&#8221;14px&#8221; header_4_letter_spacing=&#8221;2px&#8221; header_4_line_height=&#8221;1.4em&#8221; text_orientation=&#8221;center&#8221; background_layout=&#8221;dark&#8221; max_width=&#8221;600px&#8221; locked=&#8221;off&#8221;]<\/p>\n<h4>SEGUICI SUI SOCIAL<\/h4>\n<p>[\/et_pb_text][et_pb_social_media_follow _builder_version=&#8221;4.9.4&#8243; _module_preset=&#8221;default&#8221; text_orientation=&#8221;center&#8221;][et_pb_social_media_follow_network social_network=&#8221;facebook&#8221; _builder_version=&#8221;4.9.4&#8243; _module_preset=&#8221;default&#8221; background_color=&#8221;#3b5998&#8243; follow_button=&#8221;off&#8221; url_new_window=&#8221;on&#8221;]facebook[\/et_pb_social_media_follow_network][et_pb_social_media_follow_network social_network=&#8221;twitter&#8221; _builder_version=&#8221;4.9.4&#8243; _module_preset=&#8221;default&#8221; background_color=&#8221;#00aced&#8221; follow_button=&#8221;off&#8221; url_new_window=&#8221;on&#8221;]twitter[\/et_pb_social_media_follow_network][et_pb_social_media_follow_network social_network=&#8221;youtube&#8221; _builder_version=&#8221;4.9.4&#8243; _module_preset=&#8221;default&#8221; background_color=&#8221;#a82400&#8243; follow_button=&#8221;off&#8221; url_new_window=&#8221;on&#8221;]youtube[\/et_pb_social_media_follow_network][\/et_pb_social_media_follow][\/et_pb_column][\/et_pb_row][\/et_pb_section]<\/p>\n","protected":false},"excerpt":{"rendered":"<p>Le Ultime UsciteEncore Music Jazz Music LabelSEGUICI SUI SOCIAL<\/p>\n","protected":false},"featured_media":344,"comment_status":"open","ping_status":"closed","template":"","meta":{"_et_pb_use_builder":"on","_et_pb_old_content":"\u201cIl Paese del Sole\u201d, \u00e8 di fatto il quarto lavoro discografico di frate Alessandro e si presenta allo stesso tempo come un segno sia di continuit\u00e0, sia di novit\u00e0 nel suo percorso musicale. L\u2019album prosegue sull\u2019onda del cross over tra lirica e musica\u00a0 popolare e riprende il repertorio che frate Alessandro era solito cantare all\u2019inizio della sua carriera, prima di entrare in\u00a0 convento, restando fedele anche al messaggio positivo di gioia e bellezza.\r\nMa questo progetto \u00e8 anche una novit\u00e0: per la prima volta egli registra canzoni che ha gi\u00e0 eseguito alcune volte in televisione e in concerto, ma che non appartengono al repertorio sacro grazie al quale \u00e8 diventato famoso per tutto il mondo con la trilogia Voice from Assisi, Voice of Joy e Voice of Peace.\r\nIn qualit\u00e0 di direttore artistico di questo CD, frate Alessandro ha cercato di scegliere i brani per dare espressione agli amori di cui vive la terra italiana. Troviamo il puro amore romantico in\u00a0 canzoni\u00a0 come\u00a0 Parlami d\u2019amore Mari\u00f9, Caro mio ben e Non ti scordar di me , o la nostalgia celata dietro la storia di La strada del bosco, che gli italiani cantavano sotto i bombardamenti della seconda guerra mondiale.\u00a0 C\u2019\u00e8 anche l\u2019amore che commuove il cuore per quegli specifici luoghi che parlano di famiglia e di casa, Santa Lucia Luntana, Munasterio \u2018e\u00a0 Santa Chiara, con lo straordinario sole che ci riscalda in \u2018O paese d\u2019 \u2018o sole, ma non manca nemmeno l\u2019amore per l\u2019intera patria che troviamo in Vecchio scarpone. Le altre canzoni sono classici registrati da tanti cultori dell\u2019arte\u00a0 del Belcanto ricordiamo Caruso, Pavarotti e pi\u00f9 recentemente Bocelli, brani come Ideale, Mattinata, e Nel blu dipinto di blu.\r\nE non pu\u00f2 mancare una speciale devozione italiana espressa cos\u00ec meravigliosamente in Mamma, dedicata alla madre terrena, e nel brano popolare Vergin santa che accogli benigna, innalzato alla Madre del Cielo.\r\nUn\u2019altra straordinaria novit\u00e0 in questo nuovo CD \u00e8 il debutto di frate Alessandro come compositore, il suo Torner\u00f2, con cui esprime l\u2019amore per le sue radici, \u00e8 una semplice offerta alla ricca tradizione delle arie italiane.\r\nC\u2019\u00e8 anche qualcosa in pi\u00f9 in queste registrazioni: un approccio allo stile \u201cdal vivo\u201d, dove il suono e gli arrangiamenti sono stati cercati e creati insieme liberamente in ogni sessione, lasciando largo spazio all\u2019improvvisazione, e chi ascolta si accorger\u00e0 del jazz che permea quasi tutto l\u2019album.\r\nMa gli\u00a0 amici\u00a0 di frate\u00a0 Alessandro, noteranno\u00a0 pure\u00a0 con piacere che i distintivi toni tenorili della sua voce non sono cambiati, cos\u00ec come il suo messaggio di gioia, pace e bellezza che fluisce attraverso questi brani scelti per arrivare in tutto il mondo dalla sua terra umbra.\r\nInfine, continuando sulla strada intrapresa all\u2019inizio di questa avventura nel mondo del canto, tutti i proventi derivati dalla vendita di questo CD che spetterebbero\u00a0 all\u2019artista, andranno ad\u00a0 aiutare le nostre Missioni francescane attive in tutto il mondo.\r\n\r\nGrazie a\u2026\r\nRoberto Lioli e Vittorio Bartoli\r\nManuel, Fabrizio e Javier\r\nPiano &amp; Forte, Diego Sciurpa, LOADistrict, Matteo Ruperto\r\nIl Comune di Trevi e la Fondazione Villa Fabri\r\nLa Diocesi di Perugia e il Santuario di Mongiovino\r\nAmedeo Sisani, Wijnand van de Pol, Gabriella Rossi\r\nCiro Scarponi, Luca Lucchini e tutti i miei maestri di musica\r\nIl \u201cMercante di emozioni\u201d Giuseppe Bruno Eight, Stefano Ragni\r\nLa mia famiglia e i miei amici\r\nIl Ministro Generale OFM Michael Perry\r\nIl Ministro Provinciale OFM Umbria Claudio Durighetto\r\nL\u2019Ufficio Missioni e fra Marco Freddi\r\nFra Eunan McMullan, fra Gianpaolo Masotti\r\ne tutti i frati e grazie a tutti coloro che amano la bellezza\r\n\r\nCon questo progetto\r\nsosteniamo le nostre missioni francescane nel mondo.\r\nAnche tu puoi aiutarci!","_et_gb_content_width":""},"product_cat":[33],"product_tag":[],"class_list":["post-353","product","type-product","status-publish","has-post-thumbnail","hentry","product_cat-encore-music"],"_links":{"self":[{"href":"https:\/\/www.encoremusic.it\/wp_2021\/wp-json\/wp\/v2\/product\/353","targetHints":{"allow":["GET"]}}],"collection":[{"href":"https:\/\/www.encoremusic.it\/wp_2021\/wp-json\/wp\/v2\/product"}],"about":[{"href":"https:\/\/www.encoremusic.it\/wp_2021\/wp-json\/wp\/v2\/types\/product"}],"replies":[{"embeddable":true,"href":"https:\/\/www.encoremusic.it\/wp_2021\/wp-json\/wp\/v2\/comments?post=353"}],"wp:featuredmedia":[{"embeddable":true,"href":"https:\/\/www.encoremusic.it\/wp_2021\/wp-json\/wp\/v2\/media\/344"}],"wp:attachment":[{"href":"https:\/\/www.encoremusic.it\/wp_2021\/wp-json\/wp\/v2\/media?parent=353"}],"wp:term":[{"taxonomy":"product_cat","embeddable":true,"href":"https:\/\/www.encoremusic.it\/wp_2021\/wp-json\/wp\/v2\/product_cat?post=353"},{"taxonomy":"product_tag","embeddable":true,"href":"https:\/\/www.encoremusic.it\/wp_2021\/wp-json\/wp\/v2\/product_tag?post=353"}],"curies":[{"name":"wp","href":"https:\/\/api.w.org\/{rel}","templated":true}]}}