{"id":1442,"date":"2024-11-23T15:48:49","date_gmt":"2024-11-23T14:48:49","guid":{"rendered":"https:\/\/www.encoremusic.it\/wp_2021\/?post_type=product&#038;p=1442"},"modified":"2024-11-23T15:49:54","modified_gmt":"2024-11-23T14:49:54","slug":"il-pianerottolo-vinile","status":"publish","type":"product","link":"https:\/\/www.encoremusic.it\/wp_2021\/prodotto\/il-pianerottolo-vinile\/","title":{"rendered":"Il Pianerottolo  &#8211; Vinile"},"content":{"rendered":"<p>[et_pb_section fb_built=&#8221;1&#8243; _builder_version=&#8221;4.16&#8243; background_color=&#8221;#000000&#8243; custom_padding=&#8221;0px||||false|false&#8221; da_disable_devices=&#8221;off|off|off&#8221; global_colors_info=&#8221;{}&#8221; da_is_popup=&#8221;off&#8221; da_exit_intent=&#8221;off&#8221; da_has_close=&#8221;on&#8221; da_alt_close=&#8221;off&#8221; da_dark_close=&#8221;off&#8221; da_not_modal=&#8221;on&#8221; da_is_singular=&#8221;off&#8221; da_with_loader=&#8221;off&#8221; da_has_shadow=&#8221;on&#8221;][et_pb_row _builder_version=&#8221;4.16&#8243; background_size=&#8221;initial&#8221; background_position=&#8221;top_left&#8221; background_repeat=&#8221;repeat&#8221; width=&#8221;100%&#8221; custom_padding=&#8221;0px||0px||false|false&#8221; global_colors_info=&#8221;{}&#8221;][et_pb_column type=&#8221;4_4&#8243; _builder_version=&#8221;4.16&#8243; custom_padding=&#8221;|||&#8221; global_colors_info=&#8221;{}&#8221; custom_padding__hover=&#8221;|||&#8221;][et_pb_wc_breadcrumb _builder_version=&#8221;4.16&#8243; body_text_color=&#8221;#FFFFFF&#8221; global_colors_info=&#8221;{}&#8221;][\/et_pb_wc_breadcrumb][\/et_pb_column][\/et_pb_row][et_pb_row column_structure=&#8221;1_2,1_2&#8243; _builder_version=&#8221;4.16&#8243; background_size=&#8221;initial&#8221; background_position=&#8221;top_left&#8221; background_repeat=&#8221;repeat&#8221; width=&#8221;100%&#8221; custom_padding=&#8221;0px||||false|false&#8221; global_colors_info=&#8221;{}&#8221;][et_pb_column type=&#8221;1_2&#8243; _builder_version=&#8221;4.16&#8243; custom_padding=&#8221;|||&#8221; global_colors_info=&#8221;{}&#8221; custom_padding__hover=&#8221;|||&#8221;][et_pb_wc_images _builder_version=&#8221;4.16&#8243; global_colors_info=&#8221;{}&#8221;][\/et_pb_wc_images][\/et_pb_column][et_pb_column type=&#8221;1_2&#8243; _builder_version=&#8221;4.16&#8243; custom_padding=&#8221;|||&#8221; global_colors_info=&#8221;{}&#8221; custom_padding__hover=&#8221;|||&#8221;][et_pb_wc_title _builder_version=&#8221;4.16&#8243; header_text_color=&#8221;#FFFFFF&#8221; global_colors_info=&#8221;{}&#8221;][\/et_pb_wc_title][et_pb_wc_price _builder_version=&#8221;4.16&#8243; body_text_color=&#8221;#FF7C00&#8243; sale_price_text_color=&#8221;#FF7C00&#8243; global_colors_info=&#8221;{}&#8221;][\/et_pb_wc_price][et_pb_wc_add_to_cart _builder_version=&#8221;4.16&#8243; fields_background_color=&#8221;#FFFFFF&#8221; fields_text_color=&#8221;#000000&#8243; fields_focus_text_color=&#8221;#000000&#8243; dropdown_menus_text_color=&#8221;#000000&#8243; dropdown_menus_focus_text_color=&#8221;#000000&#8243; custom_button=&#8221;on&#8221; button_text_color=&#8221;#FFFFFF&#8221; button_bg_color=&#8221;#FF7C00&#8243; button_border_color=&#8221;#FF7C00&#8243; global_colors_info=&#8221;{}&#8221;][\/et_pb_wc_add_to_cart][\/et_pb_column][\/et_pb_row][et_pb_row _builder_version=&#8221;4.16&#8243; background_size=&#8221;initial&#8221; background_position=&#8221;top_left&#8221; background_repeat=&#8221;repeat&#8221; width=&#8221;100%&#8221; custom_padding=&#8221;0px||||false|false&#8221; global_colors_info=&#8221;{}&#8221;][et_pb_column type=&#8221;4_4&#8243; _builder_version=&#8221;4.16&#8243; custom_padding=&#8221;|||&#8221; global_colors_info=&#8221;{}&#8221; custom_padding__hover=&#8221;|||&#8221;][et_pb_wc_tabs active_tab_background_color=&#8221;RGBA(0,0,0,0)&#8221; inactive_tab_background_color=&#8221;RGBA(0,0,0,0)&#8221; active_tab_text_color=&#8221;#000000&#8243; include_tabs=&#8221;description||&#8221; _builder_version=&#8221;4.16&#8243; _module_preset=&#8221;default&#8221; tab_text_color=&#8221;RGBA(0,0,0,0)&#8221; body_text_color=&#8221;#FFFFFF&#8221; background_color=&#8221;#000000&#8243; global_colors_info=&#8221;{}&#8221;][\/et_pb_wc_tabs][\/et_pb_column][\/et_pb_row][\/et_pb_section][et_pb_section fb_built=&#8221;1&#8243; _builder_version=&#8221;4.16&#8243; _module_preset=&#8221;default&#8221; background_color=&#8221;#000000&#8243; da_disable_devices=&#8221;off|off|off&#8221; global_colors_info=&#8221;{}&#8221; da_is_popup=&#8221;off&#8221; da_exit_intent=&#8221;off&#8221; da_has_close=&#8221;on&#8221; da_alt_close=&#8221;off&#8221; da_dark_close=&#8221;off&#8221; da_not_modal=&#8221;on&#8221; da_is_singular=&#8221;off&#8221; da_with_loader=&#8221;off&#8221; da_has_shadow=&#8221;on&#8221;][et_pb_row disabled_on=&#8221;off|off|off&#8221; admin_label=&#8221;CAROSELLO DESKTOP&#8221; _builder_version=&#8221;4.16&#8243; background_color=&#8221;#000000&#8243; width=&#8221;100%&#8221; custom_padding=&#8221;0px|||||&#8221; global_colors_info=&#8221;{}&#8221;][et_pb_column type=&#8221;4_4&#8243; _builder_version=&#8221;4.16&#8243; global_colors_info=&#8221;{}&#8221;][et_pb_text admin_label=&#8221;ULTIME USCITE&#8221; _builder_version=&#8221;4.16&#8243; text_text_color=&#8221;rgba(255,255,255,0.5)&#8221; text_font_size=&#8221;16px&#8221; text_line_height=&#8221;1.8em&#8221; header_2_font=&#8221;Montserrat|300|||||||&#8221; header_2_font_size=&#8221;48px&#8221; header_2_line_height=&#8221;1.2em&#8221; header_3_font=&#8221;Montserrat|700||on|||||&#8221; header_3_text_color=&#8221;#001272&#8243; header_3_font_size=&#8221;16px&#8221; header_3_letter_spacing=&#8221;2px&#8221; header_3_line_height=&#8221;1.4em&#8221; background_layout=&#8221;dark&#8221; custom_padding=&#8221;0px|||||&#8221; header_2_font_size_tablet=&#8221;40px&#8221; header_2_font_size_phone=&#8221;30px&#8221; header_2_font_size_last_edited=&#8221;on|phone&#8221; header_3_font_size_tablet=&#8221;14px&#8221; header_3_font_size_phone=&#8221;&#8221; header_3_font_size_last_edited=&#8221;on|phone&#8221; text_text_align=&#8221;left&#8221; locked=&#8221;off&#8221; global_colors_info=&#8221;{}&#8221;]<\/p>\n<h2 style=\"text-align: center;\">Le Ultime Uscite<\/h2>\n<p>[\/et_pb_text][et_pb_shop type=&#8221;latest&#8221; posts_number=&#8221;8&#8243; columns_number=&#8221;4&#8243; sale_badge_color=&#8221;#FF7C00&#8243; icon_hover_color=&#8221;#FF7C00&#8243; hover_icon=&#8221;&#xe611;||divi||400&#8243; disabled_on=&#8221;off|off|off&#8221; admin_label=&#8221;Prodotti a 4 Colonne&#8221; _builder_version=&#8221;4.16&#8243; _module_preset=&#8221;default&#8221; title_text_align=&#8221;center&#8221; title_text_color=&#8221;#ffffff&#8221; title_font_size=&#8221;1em&#8221; price_font=&#8221;|800|||||||&#8221; price_text_align=&#8221;center&#8221; price_text_color=&#8221;#001272&#8243; price_font_size=&#8221;24px&#8221; custom_padding=&#8221;||0px|||&#8221; global_colors_info=&#8221;{}&#8221;][\/et_pb_shop][\/et_pb_column][\/et_pb_row][\/et_pb_section][et_pb_section fb_built=&#8221;1&#8243; admin_label=&#8221;Footer&#8221; _builder_version=&#8221;4.16&#8243; background_color=&#8221;#000000&#8243; use_background_color_gradient=&#8221;on&#8221; background_color_gradient_stops=&#8221;#000000 0%|rgba(0,0,0,0) 50%&#8221; background_color_gradient_overlays_image=&#8221;on&#8221; background_color_gradient_start=&#8221;#000000&#8243; background_color_gradient_end=&#8221;rgba(0,0,0,0)&#8221; background_color_gradient_end_position=&#8221;50%&#8221; background_enable_image=&#8221;off&#8221; width=&#8221;100%&#8221; custom_padding=&#8221;0px|||||&#8221; background_color_gradient_stops_tablet=&#8221;#000000 0%|rgba(0,0,0,0) 50%&#8221; background_color_gradient_stops_phone=&#8221;#000000 0%|rgba(0,0,0,0) 50%&#8221; da_disable_devices=&#8221;off|off|off&#8221; global_module=&#8221;461&#8243; saved_tabs=&#8221;all&#8221; locked=&#8221;off&#8221; global_colors_info=&#8221;{}&#8221; da_is_popup=&#8221;off&#8221; da_exit_intent=&#8221;off&#8221; da_has_close=&#8221;on&#8221; da_alt_close=&#8221;off&#8221; da_dark_close=&#8221;off&#8221; da_not_modal=&#8221;on&#8221; da_is_singular=&#8221;off&#8221; da_with_loader=&#8221;off&#8221; da_has_shadow=&#8221;on&#8221;][et_pb_row admin_label=&#8221;Riga&#8221; _builder_version=&#8221;4.16&#8243; _module_preset=&#8221;default&#8221; width=&#8221;100%&#8221; global_colors_info=&#8221;{}&#8221;][et_pb_column type=&#8221;4_4&#8243; _builder_version=&#8221;4.16&#8243; _module_preset=&#8221;default&#8221; global_colors_info=&#8221;{}&#8221;][et_pb_divider color=&#8221;#ffffff&#8221; divider_position=&#8221;center&#8221; divider_weight=&#8221;3px&#8221; _builder_version=&#8221;4.16&#8243; _module_preset=&#8221;default&#8221; global_colors_info=&#8221;{}&#8221;][\/et_pb_divider][\/et_pb_column][\/et_pb_row][et_pb_row column_structure=&#8221;1_3,1_3,1_3&#8243; make_equal=&#8221;on&#8221; _builder_version=&#8221;4.16&#8243; width=&#8221;100%&#8221; custom_margin=&#8221;-35px|auto||auto||&#8221; custom_padding=&#8221;||0px|||&#8221; locked=&#8221;off&#8221; global_colors_info=&#8221;{}&#8221;][et_pb_column type=&#8221;1_3&#8243; _builder_version=&#8221;4.16&#8243; global_colors_info=&#8221;{}&#8221;][et_pb_text _builder_version=&#8221;4.16&#8243; header_text_align=&#8221;center&#8221; header_text_color=&#8221;#FF7C00&#8243; header_2_font=&#8221;Montserrat|300|||||||&#8221; header_2_font_size=&#8221;40px&#8221; header_2_line_height=&#8221;1.2em&#8221; header_3_font=&#8221;Montserrat|700||on|||||&#8221; header_3_text_color=&#8221;#FF7C00&#8243; header_3_font_size=&#8221;16px&#8221; header_3_letter_spacing=&#8221;2px&#8221; header_3_line_height=&#8221;1.4em&#8221; text_orientation=&#8221;center&#8221; background_layout=&#8221;dark&#8221; max_width=&#8221;600px&#8221; header_2_font_size_tablet=&#8221;30px&#8221; header_2_font_size_phone=&#8221;20px&#8221; header_2_font_size_last_edited=&#8221;on|phone&#8221; header_3_font_size_tablet=&#8221;14px&#8221; header_3_font_size_phone=&#8221;&#8221; header_3_font_size_last_edited=&#8221;on|phone&#8221; locked=&#8221;off&#8221; global_colors_info=&#8221;{}&#8221;]<\/p>\n<h3>Jazz Music Label<\/h3>\n<h2>Encore <strong>Music<\/strong><\/h2>\n<h3>\u00a0<\/h3>\n<p>[\/et_pb_text][\/et_pb_column][et_pb_column type=&#8221;1_3&#8243; _builder_version=&#8221;4.16&#8243; global_colors_info=&#8221;{}&#8221;][et_pb_button button_url=&#8221;#contatti&#8221; button_text=&#8221;CONTATTI&#8221; button_alignment=&#8221;center&#8221; _builder_version=&#8221;4.16&#8243; _module_preset=&#8221;default&#8221; custom_button=&#8221;on&#8221; button_text_color=&#8221;#FFFFFF&#8221; button_bg_color=&#8221;#FF7C00&#8243; button_border_color=&#8221;#FF7C00&#8243; global_colors_info=&#8221;{%22gcid-ba10a64e-42fa-4f71-b9b5-1bf61b053a2b%22:%91%22button_bg_color%22,%22button_border_color%22%93}&#8221;][\/et_pb_button][\/et_pb_column][et_pb_column type=&#8221;1_3&#8243; _builder_version=&#8221;4.16&#8243; global_colors_info=&#8221;{}&#8221;][et_pb_text _builder_version=&#8221;4.16&#8243; text_line_height=&#8221;1.8em&#8221; link_text_align=&#8221;left&#8221; link_text_color=&#8221;#ffffff&#8221; header_font=&#8221;Montserrat|700||on|||||&#8221; header_text_align=&#8221;center&#8221; header_font_size=&#8221;16px&#8221; header_4_font=&#8221;Montserrat|700||on|||||&#8221; header_4_text_color=&#8221;#FF7C00&#8243; header_4_font_size=&#8221;16px&#8221; header_4_letter_spacing=&#8221;2px&#8221; header_4_line_height=&#8221;1.4em&#8221; text_orientation=&#8221;center&#8221; background_layout=&#8221;dark&#8221; max_width=&#8221;600px&#8221; custom_margin=&#8221;||5px|||&#8221; locked=&#8221;off&#8221; global_colors_info=&#8221;{}&#8221;]<\/p>\n<h4>SEGUICI SUI SOCIAL<\/h4>\n<p>[\/et_pb_text][et_pb_social_media_follow _builder_version=&#8221;4.16&#8243; _module_preset=&#8221;default&#8221; text_orientation=&#8221;center&#8221; custom_padding=&#8221;2px|||||&#8221; global_colors_info=&#8221;{}&#8221;][et_pb_social_media_follow_network social_network=&#8221;facebook&#8221; url=&#8221;https:\/\/www.facebook.com\/EncoreMusicJazz&#8221; _builder_version=&#8221;4.16&#8243; _module_preset=&#8221;default&#8221; background_color=&#8221;#3b5998&#8243; global_colors_info=&#8221;{}&#8221; follow_button=&#8221;off&#8221; url_new_window=&#8221;on&#8221;]facebook[\/et_pb_social_media_follow_network][et_pb_social_media_follow_network social_network=&#8221;twitter&#8221; url=&#8221;https:\/\/twitter.com\/EncoreMusic4&#8243; _builder_version=&#8221;4.22.2&#8243; _module_preset=&#8221;default&#8221; background_color=&#8221;#000000&#8243; global_colors_info=&#8221;{}&#8221; follow_button=&#8221;off&#8221; url_new_window=&#8221;on&#8221;]twitter[\/et_pb_social_media_follow_network][et_pb_social_media_follow_network social_network=&#8221;youtube&#8221; _builder_version=&#8221;4.16&#8243; _module_preset=&#8221;default&#8221; background_color=&#8221;#a82400&#8243; global_colors_info=&#8221;{}&#8221; follow_button=&#8221;off&#8221; url_new_window=&#8221;on&#8221;]youtube[\/et_pb_social_media_follow_network][\/et_pb_social_media_follow][\/et_pb_column][\/et_pb_row][\/et_pb_section]<\/p>\n","protected":false},"excerpt":{"rendered":"<p>01 Frasi fatte (L.Hengeller)<br \/>\n02 Cantieri (D.Riondino-L.Hengeller)<br \/>\n03 O\u2019 scuntroso (D.Riondino-L.Hengeller)<br \/>\n04 Colin Firth (L.Hengeller)<br \/>\n05 Disaccordi (D. Riondino-L.Hengeller)<br \/>\n06 La strada verso casa (S.Bollani)<br \/>\n07 Mixed by Erry (L.Hengeller)<br \/>\n08Nun me parlate \u2018e chella (F. Cigliano-C.A.Rossi)<br \/>\n09 Il giorno dell\u2019amore (D.Riondino-L.Hengeller)<br \/>\n10 Senza sap\u00e8 pecch\u00e8 (D.Sansone-L.Hengeller)<\/p>\n<p>Grazie a:<br \/>\nJando Music e Encore Music nelle persone di Giandomenico Ciaramella, Vittorio<br \/>\nBartoli e Roberto Lioli per la cura gentile e d\u2019altri tempi che avete avuto per me e per<br \/>\nla mia musica;<br \/>\nDavid Riondino col quale potrei scrivere trenta canzoni al giorno visto che \u00e8 una<br \/>\nsorgente inesauribile di rime, parole, suoni, argomenti ma soprattutto della cosa pi\u00f9<br \/>\npreziosa per un\u2019artista: le idee.<br \/>\nDario Sansone, \u201csenza sap\u00e8 pecch\u00e8\u201d ci siamo incontrati ritrovando subito le nostre<br \/>\ndiversit\u00e0 molto affi ni.<br \/>\nDaniele Sorrentino e Luigi Del Prete, che in barba a tanto jazz frequentato, hanno<br \/>\nmantenuto la mente aperta alla musica sorridente senza mai dimenticarsi dello<br \/>\nswing.<br \/>\nGianfranco Campagnoli, Gigi Patierno, Enzo Anastasio che da Napoli in pi\u00f9 di un\u2019ora<br \/>\ne dieci mi hanno regalato la loro arte e la loro presente amicizia.<br \/>\nAlessandro D\u2019Alessandro per il suo organetto che morde.<br \/>\nMaurizio Capuano, Agnese Fazio, Claudia Verdelocco, Pippo Seno, Marco Simonacci,<br \/>\nEmanuele Albanese, Cristiano Califano, Sara Jane Ceccarelli.<br \/>\nUn grazie speciale a:<br \/>\nStefano Di Battista che mi ha sorpreso col suo sax sorprendente ed ha reso \u201cDisaccordi\u201d<br \/>\nun brano portentoso.<br \/>\nStefano Bollani perch\u00e9 \u201cla strada verso casa\u201d ha sempre un pianoforte, Carosone, e<br \/>\nun bar dove sedersi.<br \/>\nValentina Cenni, Monica Nonno, Matteo Ruperto e Jobim, sempre coinvolgenti e<br \/>\ncoinvolti a giocare con amore.<br \/>\nMarisa Laurito, Piero Pedrini e Renzo Arbore.<br \/>\nAlessandra Cavallaro che agendo agisce a\u2019gente Hengeller.<br \/>\nFrancesco Di Cicco, Riccardo Gola.<br \/>\nAd Agnese, Filippo e Ariann<\/p>\n","protected":false},"featured_media":1425,"comment_status":"open","ping_status":"closed","template":"","meta":{"_et_pb_use_builder":"on","_et_pb_old_content":"\u201cIl pianerottolo\u201d\r\nLorenzo Hengeller racconta le 10 tracce del suo nuovo lavoro discografico\r\n\u201cPer avere dei gusti bisogna avere un\u2019estetica\u201d (una voce dal pianerottolo...)\r\nPer paradosso, il miope fin da piccolo si prepara ad osservare con maggiore acutezza le cose che ci sono attorno.\r\nQuel bambino ero e sono ancora io.\r\n\u201cIl pianerottolo\u201d \u00e8 il palco privilegiato per un osservatore miope di storie, fatti, persone, suoni che entrano ed escono da varie porte; osservazioni scritte e raccontate \u201cvista piano\u201d.\r\n\u201cIl pianerottolo\u201d \u00e8 anche una figura antropomorfa, met\u00e0 pianoforte e met\u00e0 napo-austro-ungarico, nata e cresciuta nel centro storico di Napoli, partorita insieme alla mente di David Riondino che ha scritto quasi tutti i testi delle canzoni di questo disco.\r\nIl mio pianerottolo, dunque, \u00e8 sempre stato il pianoforte, da cui guardo e ho guardato, immaginato storie e tradotto sensazioni attraverso gli 88 condomini: i tasti.\r\nDa soli dicono poco ma messi bene insieme mi hanno sempre dato armonia. \u00c8 come se io fossi un po' l\u2019amministratore di questo condominio.\r\nTutte le canzoni di questo disco hanno come punto di partenza idee e convinzioni nate da ragazzo: insomma il pianerottolo \u00e8 come se fosse il luogo preferito di una specie di \u201cComunista emotivo\u201d, un po\u2019 ag\u00e9e che pratica la nostalgia come sorridente stato d\u2019animo per stare bene al mondo e che \u00e8 sereno emotivamente solo se intorno a lui lo sono tutti;\r\nDunque questo disco \u00e8 per quelli che si sentono bene se capaci: di sentire i suoni di una festa dal terrazzo di fronte e i rumori della gente che si diverte. Di vedere le persone quando ballano fuori tempo.\r\nDi notare, come nella canzone \u201cCantieri\u201d, il pensionato che guarda i lavori e la betoniera che gira come un. frapp\u00e8 e pensa che in fondo tutti guardiamo il mondo da un marciapiede e che ognuno il suo cantiere (la propria vita) serenamente vigiler\u00e0.\r\nDi essere O\u2019 Scuntroso perch\u00e9 vorrebbe che tutti gli artisti, soprattutto quelli non popolarissimi, fossero rassicurati in punto di morte da una commissione di giornalisti anche loro comunisti emotivi; i quali sono preposti a dire al morituro che gli dedicheranno una pagina di quotidiano oppure un coccodrillo al tg nazionale; questo al fine di vederlo sorridere per un attimo, liberandolo dal dubbio che lo ha attanagliato per tutta la vita e cio\u00e8 se il pubblico o la critica lo avesse dimenticato oppure no. O\u2019 scuntroso infatti non pu\u00f2 ritenere accettabile per un artista, che oltre al danno della morte imminente, e dai dubbi di una vita artistica dai riflettori sempre pi\u00f9 tiepidi, ci sia anche la beffa di non sapere (in quanto morto), che invece parleranno di lui al tg oppure sui quotidiani.\r\nDi ascoltare sempre meno Frasi Fatte- quando tutti non useranno pi\u00f9 clich\u00e9 verbali per fingere di saper stare al mondo: quindi auspica una specie di rivoluzione ecologica delle parole, un uso di locuzioni pi\u00f9 \u201cgreen\u201d e non pensate dalla massa; quindi basta con \u201ctanto col treno Napoli Roma \u00e8 solo un\u2019ora e dieci- augurissimi-work in progress-stay tuned-ciao caro-ciao teso-ciao guys-adoro-non autorizzo facebook-profili official con tre follower-profili unofficial di gente che ha profili official con tre follower- dirsi follower-sono una donna solare-tortino al cioccolato dal cuore caldo-la pasta \u00e8 buona perch\u00e9 \u00e8 come la faceva la nonna-a Napoli le case sono tutte di tufo, fresche d\u2019estate e calde d\u2019inverno-questo concerto di stasera potremmo definirlo un viaggio- stasera c\u2019\u00e8 un evento-citazioni cheap o colte ma sbagliate come:\u00e8 fidanzata ma tanto non sono geloso-patrimonio dell\u2019Unescu- carpem diem\u201d.\r\nDi origliare dal pianerottolo i diverbi della coppia che vive alla porta di fronte, i \u201cDisaccordi\u201d tra una lei molto, troppo, contemporanea, attivista, dinamica e un lui abulico, apatico, dimesso che pensa di\r\nnon reggere il ritmo e la cui unica consolazione \u00e8 ascoltare il sax di Stefano di Battista che suona in questo brano.\r\nDi ammirare un truffatore di professoresse venete che attraverso un\u2019idea, che a tutti sembrerebbe perdente, decide di fingere di essere \u201cColin Firth\u201d e spillare soldi alle sdilinquite ma incaute docenti. Del resto, anche io ho sempre pensato che avere idee nella vita come in musica significa tutto; in fondo anche i pipistrelli sono solo dei criceti che hanno avuto un\u2019idea.\r\nDi essere felice di interpretare un brano di Stefano Bollani \u201cla strada verso casa\u201d che racconta di Carosone, di Napoli, dell\u2019amore per il pianoforte e dello scrivere canzoni. Il fatto \u00e8 che si crea qualcosa che prima non c\u2019era e adesso c\u2019\u00e8, e questo prodotto artistico pu\u00f2 rendere felici ed emozionare tutti. In ogni caso. Per dirla con Jannacci \u201cQuanta fatica per farsi accettare con le canzoni\u2026\u201d\r\nDi essere ancora felice perch\u00e9 ha capito che i musicisti e i cuochi sono i maggiori responsabili del piacere dell\u2019umanit\u00e0, cos\u00ec come lo aveva capito bene \u201cMixed by Erry\u201d che ho immaginato come una specie di Don Raffa\u00e8 analogico; lui pagher\u00e0 col carcere la sua attivit\u00e0 di falsario musicale romantico e artista per poi essere vendicato dall\u2019arrivo del digitale, dall\u2019mp3 che con spietatezza e cinismo ha rovinato definitivamente l\u2018industria discografica. Altro che Erry!\r\nDa un pianerottolo all\u2019altro, \u00e8 stato proprio il giorno in cui mi sono trasferito a Roma che decisi di andare a vedere il film di Sorrentino, quando dallo schermo sento tuonare la frase \u201cSulo \u2018e strunz vanno a Roma!\u201d. E quindi ho pensato eccomi! Tempismo perfetto!\r\nMa col tempo ho notato che Roma offre cinismo misto ad accoglienza ma anche incontri; e proprio da un incontro a casa di Marisa Laurito che vengo in contatto con questo capolavoro di Fausto Cigliano \u201cNun me Parlate e chella\u201d. A segnalarmelo \u00e8 stato Renzo Arbore che mi dice di ascoltare e provare a riarrangiare questa ballad meravigliosa e cos\u00ec \u00e8 stato. Inoltre, mi racconta che, nonostante la Siae segnali come autore della musica Carlo Alberto Rossi, il brano \u00e8 di Umberto Boselli, uno dei cosiddetti ragazzi del Vomero degli anni 60\u2019.\r\nDi emozionarsi nel guardare due ragazzi che si baciano davanti al panorama di Napoli, e di come vivono il loro incontro senza riuscire a spiegare quella energia naturale e invisibile che si sprigiona mentre parlano molto seri seduti ad un bar nel \u201cIl Giorno dell\u2019amore\u201d. Talmente avvolti da feromoni allegri che Napoli pu\u00f2 diventare Parigi, mescolando la commedia sexy degli anni 70, i film di \u201cchiappa e spada\u201d con le docce della Fenech ma anche con la frase musicale di \u201cun uomo e una donna\u201d di Claude Lelouch.\r\nDi vivere la nostalgia di cose andate nel tempo ma insite dalla nascita, come la lingua napoletana. In \u201cSenza sap\u00e8 pecch\u00e8\u201d dal pianerottolo ho suonato alla porta di Dario Sansone che mi ha mandato questo bellissimo testo che ho musicato.\r\nLorenzo Hengeller","_et_gb_content_width":""},"product_cat":[33],"product_tag":[],"class_list":["post-1442","product","type-product","status-publish","has-post-thumbnail","hentry","product_cat-encore-music"],"_links":{"self":[{"href":"https:\/\/www.encoremusic.it\/wp_2021\/wp-json\/wp\/v2\/product\/1442","targetHints":{"allow":["GET"]}}],"collection":[{"href":"https:\/\/www.encoremusic.it\/wp_2021\/wp-json\/wp\/v2\/product"}],"about":[{"href":"https:\/\/www.encoremusic.it\/wp_2021\/wp-json\/wp\/v2\/types\/product"}],"replies":[{"embeddable":true,"href":"https:\/\/www.encoremusic.it\/wp_2021\/wp-json\/wp\/v2\/comments?post=1442"}],"wp:featuredmedia":[{"embeddable":true,"href":"https:\/\/www.encoremusic.it\/wp_2021\/wp-json\/wp\/v2\/media\/1425"}],"wp:attachment":[{"href":"https:\/\/www.encoremusic.it\/wp_2021\/wp-json\/wp\/v2\/media?parent=1442"}],"wp:term":[{"taxonomy":"product_cat","embeddable":true,"href":"https:\/\/www.encoremusic.it\/wp_2021\/wp-json\/wp\/v2\/product_cat?post=1442"},{"taxonomy":"product_tag","embeddable":true,"href":"https:\/\/www.encoremusic.it\/wp_2021\/wp-json\/wp\/v2\/product_tag?post=1442"}],"curies":[{"name":"wp","href":"https:\/\/api.w.org\/{rel}","templated":true}]}}