{"id":1408,"date":"2023-12-04T08:28:21","date_gmt":"2023-12-04T07:28:21","guid":{"rendered":"https:\/\/www.encoremusic.it\/wp_2021\/?post_type=product&#038;p=1408"},"modified":"2023-12-04T08:36:56","modified_gmt":"2023-12-04T07:36:56","slug":"trinta","status":"publish","type":"product","link":"https:\/\/www.encoremusic.it\/wp_2021\/prodotto\/trinta\/","title":{"rendered":"Trinta"},"content":{"rendered":"<p>[et_pb_section fb_built=&#8221;1&#8243; _builder_version=&#8221;4.16&#8243; background_color=&#8221;#000000&#8243; custom_padding=&#8221;0px||||false|false&#8221; da_disable_devices=&#8221;off|off|off&#8221; global_colors_info=&#8221;{}&#8221; da_is_popup=&#8221;off&#8221; da_exit_intent=&#8221;off&#8221; da_has_close=&#8221;on&#8221; da_alt_close=&#8221;off&#8221; da_dark_close=&#8221;off&#8221; da_not_modal=&#8221;on&#8221; da_is_singular=&#8221;off&#8221; da_with_loader=&#8221;off&#8221; da_has_shadow=&#8221;on&#8221;][et_pb_row _builder_version=&#8221;4.16&#8243; background_size=&#8221;initial&#8221; background_position=&#8221;top_left&#8221; background_repeat=&#8221;repeat&#8221; width=&#8221;100%&#8221; custom_padding=&#8221;0px||0px||false|false&#8221; global_colors_info=&#8221;{}&#8221;][et_pb_column type=&#8221;4_4&#8243; _builder_version=&#8221;4.16&#8243; custom_padding=&#8221;|||&#8221; global_colors_info=&#8221;{}&#8221; custom_padding__hover=&#8221;|||&#8221;][et_pb_wc_breadcrumb _builder_version=&#8221;4.16&#8243; body_text_color=&#8221;#FFFFFF&#8221; global_colors_info=&#8221;{}&#8221;][\/et_pb_wc_breadcrumb][\/et_pb_column][\/et_pb_row][et_pb_row column_structure=&#8221;1_2,1_2&#8243; _builder_version=&#8221;4.16&#8243; background_size=&#8221;initial&#8221; background_position=&#8221;top_left&#8221; background_repeat=&#8221;repeat&#8221; width=&#8221;100%&#8221; custom_padding=&#8221;0px||||false|false&#8221; global_colors_info=&#8221;{}&#8221;][et_pb_column type=&#8221;1_2&#8243; _builder_version=&#8221;4.16&#8243; custom_padding=&#8221;|||&#8221; global_colors_info=&#8221;{}&#8221; custom_padding__hover=&#8221;|||&#8221;][et_pb_wc_images _builder_version=&#8221;4.16&#8243; global_colors_info=&#8221;{}&#8221;][\/et_pb_wc_images][\/et_pb_column][et_pb_column type=&#8221;1_2&#8243; _builder_version=&#8221;4.16&#8243; custom_padding=&#8221;|||&#8221; global_colors_info=&#8221;{}&#8221; custom_padding__hover=&#8221;|||&#8221;][et_pb_wc_title _builder_version=&#8221;4.16&#8243; header_text_color=&#8221;#FFFFFF&#8221; global_colors_info=&#8221;{}&#8221;][\/et_pb_wc_title][et_pb_wc_price _builder_version=&#8221;4.16&#8243; body_text_color=&#8221;#FF7C00&#8243; sale_price_text_color=&#8221;#FF7C00&#8243; global_colors_info=&#8221;{}&#8221;][\/et_pb_wc_price][et_pb_wc_add_to_cart _builder_version=&#8221;4.16&#8243; fields_background_color=&#8221;#FFFFFF&#8221; fields_text_color=&#8221;#000000&#8243; fields_focus_text_color=&#8221;#000000&#8243; dropdown_menus_text_color=&#8221;#000000&#8243; dropdown_menus_focus_text_color=&#8221;#000000&#8243; custom_button=&#8221;on&#8221; button_text_color=&#8221;#FFFFFF&#8221; button_bg_color=&#8221;#FF7C00&#8243; button_border_color=&#8221;#FF7C00&#8243; global_colors_info=&#8221;{}&#8221;][\/et_pb_wc_add_to_cart][\/et_pb_column][\/et_pb_row][et_pb_row _builder_version=&#8221;4.16&#8243; background_size=&#8221;initial&#8221; background_position=&#8221;top_left&#8221; background_repeat=&#8221;repeat&#8221; width=&#8221;100%&#8221; custom_padding=&#8221;0px||||false|false&#8221; global_colors_info=&#8221;{}&#8221;][et_pb_column type=&#8221;4_4&#8243; _builder_version=&#8221;4.16&#8243; custom_padding=&#8221;|||&#8221; global_colors_info=&#8221;{}&#8221; custom_padding__hover=&#8221;|||&#8221;][et_pb_wc_tabs active_tab_background_color=&#8221;RGBA(0,0,0,0)&#8221; inactive_tab_background_color=&#8221;RGBA(0,0,0,0)&#8221; active_tab_text_color=&#8221;#000000&#8243; include_tabs=&#8221;description||&#8221; _builder_version=&#8221;4.16&#8243; _module_preset=&#8221;default&#8221; tab_text_color=&#8221;RGBA(0,0,0,0)&#8221; body_text_color=&#8221;#FFFFFF&#8221; background_color=&#8221;#000000&#8243; global_colors_info=&#8221;{}&#8221;][\/et_pb_wc_tabs][\/et_pb_column][\/et_pb_row][\/et_pb_section][et_pb_section fb_built=&#8221;1&#8243; _builder_version=&#8221;4.16&#8243; _module_preset=&#8221;default&#8221; background_color=&#8221;#000000&#8243; da_disable_devices=&#8221;off|off|off&#8221; global_colors_info=&#8221;{}&#8221; da_is_popup=&#8221;off&#8221; da_exit_intent=&#8221;off&#8221; da_has_close=&#8221;on&#8221; da_alt_close=&#8221;off&#8221; da_dark_close=&#8221;off&#8221; da_not_modal=&#8221;on&#8221; da_is_singular=&#8221;off&#8221; da_with_loader=&#8221;off&#8221; da_has_shadow=&#8221;on&#8221;][et_pb_row disabled_on=&#8221;off|off|off&#8221; admin_label=&#8221;CAROSELLO DESKTOP&#8221; _builder_version=&#8221;4.16&#8243; background_color=&#8221;#000000&#8243; width=&#8221;100%&#8221; custom_padding=&#8221;0px|||||&#8221; global_colors_info=&#8221;{}&#8221;][et_pb_column type=&#8221;4_4&#8243; _builder_version=&#8221;4.16&#8243; global_colors_info=&#8221;{}&#8221;][et_pb_text admin_label=&#8221;ULTIME USCITE&#8221; _builder_version=&#8221;4.16&#8243; text_text_color=&#8221;rgba(255,255,255,0.5)&#8221; text_font_size=&#8221;16px&#8221; text_line_height=&#8221;1.8em&#8221; header_2_font=&#8221;Montserrat|300|||||||&#8221; header_2_font_size=&#8221;48px&#8221; header_2_line_height=&#8221;1.2em&#8221; header_3_font=&#8221;Montserrat|700||on|||||&#8221; header_3_text_color=&#8221;#001272&#8243; header_3_font_size=&#8221;16px&#8221; header_3_letter_spacing=&#8221;2px&#8221; header_3_line_height=&#8221;1.4em&#8221; background_layout=&#8221;dark&#8221; custom_padding=&#8221;0px|||||&#8221; header_2_font_size_tablet=&#8221;40px&#8221; header_2_font_size_phone=&#8221;30px&#8221; header_2_font_size_last_edited=&#8221;on|phone&#8221; header_3_font_size_tablet=&#8221;14px&#8221; header_3_font_size_phone=&#8221;&#8221; header_3_font_size_last_edited=&#8221;on|phone&#8221; text_text_align=&#8221;left&#8221; locked=&#8221;off&#8221; global_colors_info=&#8221;{}&#8221;]<\/p>\n<h2 style=\"text-align: center;\">Le Ultime Uscite<\/h2>\n<p>[\/et_pb_text][et_pb_shop type=&#8221;latest&#8221; posts_number=&#8221;8&#8243; columns_number=&#8221;4&#8243; sale_badge_color=&#8221;#FF7C00&#8243; icon_hover_color=&#8221;#FF7C00&#8243; hover_icon=&#8221;&#xe611;||divi||400&#8243; disabled_on=&#8221;off|off|off&#8221; admin_label=&#8221;Prodotti a 4 Colonne&#8221; _builder_version=&#8221;4.16&#8243; _module_preset=&#8221;default&#8221; title_text_align=&#8221;center&#8221; title_text_color=&#8221;#ffffff&#8221; title_font_size=&#8221;1em&#8221; price_font=&#8221;|800|||||||&#8221; price_text_align=&#8221;center&#8221; price_text_color=&#8221;#001272&#8243; price_font_size=&#8221;24px&#8221; custom_padding=&#8221;||0px|||&#8221; global_colors_info=&#8221;{}&#8221;][\/et_pb_shop][\/et_pb_column][\/et_pb_row][\/et_pb_section][et_pb_section fb_built=&#8221;1&#8243; admin_label=&#8221;Footer&#8221; _builder_version=&#8221;4.16&#8243; background_color=&#8221;#000000&#8243; use_background_color_gradient=&#8221;on&#8221; background_color_gradient_stops=&#8221;#000000 0%|rgba(0,0,0,0) 50%&#8221; background_color_gradient_overlays_image=&#8221;on&#8221; background_color_gradient_start=&#8221;#000000&#8243; background_color_gradient_end=&#8221;rgba(0,0,0,0)&#8221; background_color_gradient_end_position=&#8221;50%&#8221; background_enable_image=&#8221;off&#8221; width=&#8221;100%&#8221; custom_padding=&#8221;0px|||||&#8221; background_color_gradient_stops_tablet=&#8221;#000000 0%|rgba(0,0,0,0) 50%&#8221; background_color_gradient_stops_phone=&#8221;#000000 0%|rgba(0,0,0,0) 50%&#8221; da_disable_devices=&#8221;off|off|off&#8221; global_module=&#8221;461&#8243; saved_tabs=&#8221;all&#8221; locked=&#8221;off&#8221; global_colors_info=&#8221;{}&#8221; da_is_popup=&#8221;off&#8221; da_exit_intent=&#8221;off&#8221; da_has_close=&#8221;on&#8221; da_alt_close=&#8221;off&#8221; da_dark_close=&#8221;off&#8221; da_not_modal=&#8221;on&#8221; da_is_singular=&#8221;off&#8221; da_with_loader=&#8221;off&#8221; da_has_shadow=&#8221;on&#8221;][et_pb_row admin_label=&#8221;Riga&#8221; _builder_version=&#8221;4.16&#8243; _module_preset=&#8221;default&#8221; width=&#8221;100%&#8221; global_colors_info=&#8221;{}&#8221;][et_pb_column type=&#8221;4_4&#8243; _builder_version=&#8221;4.16&#8243; _module_preset=&#8221;default&#8221; global_colors_info=&#8221;{}&#8221;][et_pb_divider color=&#8221;#ffffff&#8221; divider_position=&#8221;center&#8221; divider_weight=&#8221;3px&#8221; _builder_version=&#8221;4.16&#8243; _module_preset=&#8221;default&#8221; global_colors_info=&#8221;{}&#8221;][\/et_pb_divider][\/et_pb_column][\/et_pb_row][et_pb_row column_structure=&#8221;1_3,1_3,1_3&#8243; make_equal=&#8221;on&#8221; _builder_version=&#8221;4.16&#8243; width=&#8221;100%&#8221; custom_margin=&#8221;-35px|auto||auto||&#8221; custom_padding=&#8221;||0px|||&#8221; locked=&#8221;off&#8221; global_colors_info=&#8221;{}&#8221;][et_pb_column type=&#8221;1_3&#8243; _builder_version=&#8221;4.16&#8243; global_colors_info=&#8221;{}&#8221;][et_pb_text _builder_version=&#8221;4.16&#8243; header_text_align=&#8221;center&#8221; header_text_color=&#8221;#FF7C00&#8243; header_2_font=&#8221;Montserrat|300|||||||&#8221; header_2_font_size=&#8221;40px&#8221; header_2_line_height=&#8221;1.2em&#8221; header_3_font=&#8221;Montserrat|700||on|||||&#8221; header_3_text_color=&#8221;#FF7C00&#8243; header_3_font_size=&#8221;16px&#8221; header_3_letter_spacing=&#8221;2px&#8221; header_3_line_height=&#8221;1.4em&#8221; text_orientation=&#8221;center&#8221; background_layout=&#8221;dark&#8221; max_width=&#8221;600px&#8221; header_2_font_size_tablet=&#8221;30px&#8221; header_2_font_size_phone=&#8221;20px&#8221; header_2_font_size_last_edited=&#8221;on|phone&#8221; header_3_font_size_tablet=&#8221;14px&#8221; header_3_font_size_phone=&#8221;&#8221; header_3_font_size_last_edited=&#8221;on|phone&#8221; locked=&#8221;off&#8221; global_colors_info=&#8221;{}&#8221;]<\/p>\n<h3>Jazz Music Label<\/h3>\n<h2>Encore <strong>Music<\/strong><\/h2>\n<h3>\u00a0<\/h3>\n<p>[\/et_pb_text][\/et_pb_column][et_pb_column type=&#8221;1_3&#8243; _builder_version=&#8221;4.16&#8243; global_colors_info=&#8221;{}&#8221;][et_pb_button button_url=&#8221;#contatti&#8221; button_text=&#8221;CONTATTI&#8221; button_alignment=&#8221;center&#8221; _builder_version=&#8221;4.16&#8243; _module_preset=&#8221;default&#8221; custom_button=&#8221;on&#8221; button_text_color=&#8221;#FFFFFF&#8221; button_bg_color=&#8221;#FF7C00&#8243; button_border_color=&#8221;#FF7C00&#8243; global_colors_info=&#8221;{%22gcid-ba10a64e-42fa-4f71-b9b5-1bf61b053a2b%22:%91%22button_bg_color%22,%22button_border_color%22%93}&#8221;][\/et_pb_button][\/et_pb_column][et_pb_column type=&#8221;1_3&#8243; _builder_version=&#8221;4.16&#8243; global_colors_info=&#8221;{}&#8221;][et_pb_text _builder_version=&#8221;4.16&#8243; text_line_height=&#8221;1.8em&#8221; link_text_align=&#8221;left&#8221; link_text_color=&#8221;#ffffff&#8221; header_font=&#8221;Montserrat|700||on|||||&#8221; header_text_align=&#8221;center&#8221; header_font_size=&#8221;16px&#8221; header_4_font=&#8221;Montserrat|700||on|||||&#8221; header_4_text_color=&#8221;#FF7C00&#8243; header_4_font_size=&#8221;16px&#8221; header_4_letter_spacing=&#8221;2px&#8221; header_4_line_height=&#8221;1.4em&#8221; text_orientation=&#8221;center&#8221; background_layout=&#8221;dark&#8221; max_width=&#8221;600px&#8221; custom_margin=&#8221;||5px|||&#8221; locked=&#8221;off&#8221; global_colors_info=&#8221;{}&#8221;]<\/p>\n<h4>SEGUICI SUI SOCIAL<\/h4>\n<p>[\/et_pb_text][et_pb_social_media_follow _builder_version=&#8221;4.16&#8243; _module_preset=&#8221;default&#8221; text_orientation=&#8221;center&#8221; custom_padding=&#8221;2px|||||&#8221; global_colors_info=&#8221;{}&#8221;][et_pb_social_media_follow_network social_network=&#8221;facebook&#8221; url=&#8221;https:\/\/www.facebook.com\/EncoreMusicJazz&#8221; _builder_version=&#8221;4.16&#8243; _module_preset=&#8221;default&#8221; background_color=&#8221;#3b5998&#8243; global_colors_info=&#8221;{}&#8221; follow_button=&#8221;off&#8221; url_new_window=&#8221;on&#8221;]facebook[\/et_pb_social_media_follow_network][et_pb_social_media_follow_network social_network=&#8221;twitter&#8221; url=&#8221;https:\/\/twitter.com\/EncoreMusic4&#8243; _builder_version=&#8221;4.16&#8243; _module_preset=&#8221;default&#8221; background_color=&#8221;#00aced&#8221; global_colors_info=&#8221;{}&#8221; follow_button=&#8221;off&#8221; url_new_window=&#8221;on&#8221;]twitter[\/et_pb_social_media_follow_network][et_pb_social_media_follow_network social_network=&#8221;youtube&#8221; _builder_version=&#8221;4.16&#8243; _module_preset=&#8221;default&#8221; background_color=&#8221;#a82400&#8243; global_colors_info=&#8221;{}&#8221; follow_button=&#8221;off&#8221; url_new_window=&#8221;on&#8221;]youtube[\/et_pb_social_media_follow_network][\/et_pb_social_media_follow][\/et_pb_column][\/et_pb_row][\/et_pb_section]<\/p>\n","protected":false},"excerpt":{"rendered":"<p>Trinta 5.17<br \/>\nControversial 6.16<br \/>\nBeing, Plain 6.21<br \/>\nWoo 5.49<br \/>\nToo Mercurial To Handle 8.25<br \/>\nN.E.F. 6.19<br \/>\nBeing, Plain (alternate take) 6.21<\/p>\n<p>All Compositions by Pietro Paris<\/p>\n<p>Pietro Paris Double Bass<br \/>\nBernardo Tinoco Alto Saxophone<br \/>\nDuarte Ventura Vibes<br \/>\nJo\u00e3o Sousa Drums<\/p>\n<p>Feat.:<br \/>\nFederico Casagrande Guitar<\/p>\n<p>Recorded in October 2022 at Est\u00fadio Timbuktu, Lisbon<br \/>\nEngineer: Andr\u00e9 Fernandes<br \/>\nMastering: Andr\u00e9 Fernandes<br \/>\nCover Photo: Pietro Paris<br \/>\nLiner photo: Maria Bicker, Pietro Paris<br \/>\nProduced by Roberto Lioli and Vittorio Bartoli, in collaboration with<br \/>\n&#8220;Italian Cultural Institute of Lisbon&#8221;, and Giancarlo Di Napoli<\/p>\n","protected":false},"featured_media":1407,"comment_status":"open","ping_status":"closed","template":"","meta":{"_et_pb_use_builder":"on","_et_pb_old_content":"\u201cTrinta\u201d sono i giorni che ho passato a Lisbona nell'autunno del 2022. \r\nIl tema di quelle splendide giornate \u00e8 stato l\u2019incontro con l\u2019altro. \r\nL'urgenza immediata \u00e8 stata quella di trascrivere queste convergenze in musica, costruire un \"posto sonoro comune\" per musicisti con storie, percorsi ed influenze cos\u00ec diverse eppure cos\u00ec affini. Pensare ad un luogo nuovo che potesse accogliere un dialogo spontaneo. \r\n\"Trinta\" are the days I spent in Lisbon in the fall of 2022. During those wonderful days the main theme was the encounter with the other. \r\nThe immediate urgency was to transcribe these convergences into music, to build a \"common sonic space\" for musicians with such different yet related \r\nhistories, paths and influences. To think of a new place that could embrace a spontaneous dialogue.\r\n\r\nQuesto disco \u00e8 stato realizzato grazie alla collaborazione del Ministero degli Affari Esteri e della Cooperazione Internazionale e dell'Istituto Italiano di Cultura di Lisbona nell'ambito del progetto \u201cAIR - Artisti in Residenza\u201d.\r\n\r\nThis record was produced thanks to the collaboration of the Ministry of \r\nForeign Affairs and International Cooperation and the Italian Cultural Institute of Lisbon as part of the \"AIR - Artisti in Residenza\" project. \r\n\r\nI miei omaggi vanno a questi incredibili musicisti che hanno reso cos\u00ec pulsante questa musica: Bernardo Tinoco, Jo\u00e3o Sousa e Duarte Ventura. Il nostro incontro \u00e8 stato davvero intenso e sono rimasto folgorato dalla loro musicalit\u00e0, dal loro talento e dalla loro personalit\u00e0. Un abbraccio grande va in particolare a Federico Casagrande: sono sempre stato estremamente affascinato dalla sua geniale poetica e mi ha profondamente onorato quando ha accettato di partecipare a questo progetto. Vorrei ringraziare tutte quelle persone e quelle istituzioni che, con i loro innumerevoli sforzi, hanno reso possibile la mia residenza artistica e la registrazione di questo album: M.i.d.J., l'Istituto Italiano di Cultura di Lisbona, Stefano Scaramuzzino e Silvana Urzini. Un ringraziamento molto speciale va all'\"Egregio\" Giancarlo Di Napoli che ha da subito creduto in questo progetto, vestendo i panni di co-produttore. Un grosso abbraccio e un sentito ringraziamento va a Massimo Cavalli, guida instancabile e irreprensibile. Senza tutto il calore sprigionato da una incredibile realt\u00e0 come Largo Resid\u00eancias tutto questo sarebbe stato impossibile: Marta Silva grazie di cuore! A Vittorio Bartoli e Roberto Lioli va tutta la mia riconoscenza: sono rarissime le persone che hanno questa dedizione nei confronti della musica e ancora meno quelle che la condividono con i propri partner con cos\u00ec tanto entusiasmo. Infine tutta la mia pi\u00f9 profonda e sincera gratitudine va a quelle bellissime persone che mi sono sempre vicine: la mia famiglia, Manuela, i soci di Hat &amp; Beard e gli amici di sempre. Questo disco \u00e8 un piccolo regalo per l'essere umano pi\u00f9 incontenibile e indomito che abbia mai conosciuto: Gregorio Mencacci.\r\n\r\nMy tributes go to these incredible musicians who made this music so pulsating: Bernardo Tinoco, Jo\u00e3o Sousa and Duarte Ventura. Our meeting was really intense and I was thunderstruck by their musicality, talent and personality. A big hug goes especially to Federico Casagrande: I have always been extremely fascinated by his brilliant poetics and was deeply honored when he agreed to join this project. I would like to thank all those people and institutions that, with their countless efforts, made my artistic residency and the recording of this albumpossible: M.i.d.J., the Italian Cultural Institute of Lisbon, Stefano Scaramuzzino and Silvana Urzini. A very special thanks goes to the \"Egregio\" Giancarlo Di Napoli who immediately believed in this project as co-producer. A big hug and heartfelt thanks go to Massimo Cavalli, a tireless and irreproachable guide. Without all the warmth given off by an incredible reality like Largo Resid\u00eancias, all this would have been impossible: Marta Silva thank you from the bottom of my heart! \r\nAll my gratitude goes to Vittorio Bartoli and Roberto Lioli: there are very few people who have such dedication to music and even fewer who share it with their partners with such enthusiasm. Finally, all my deepest and sincerest hugs go to those beautiful people who are always so close to me: my family, Manuela, the partners of Hat &amp; Beard and lifelong friends. This record is a small gift for the most irrepressible and indomitable human being I have ever known: Gregorio Mencacci.\r\n\r\n\r\n","_et_gb_content_width":""},"product_cat":[33],"product_tag":[],"class_list":["post-1408","product","type-product","status-publish","has-post-thumbnail","hentry","product_cat-encore-music"],"_links":{"self":[{"href":"https:\/\/www.encoremusic.it\/wp_2021\/wp-json\/wp\/v2\/product\/1408","targetHints":{"allow":["GET"]}}],"collection":[{"href":"https:\/\/www.encoremusic.it\/wp_2021\/wp-json\/wp\/v2\/product"}],"about":[{"href":"https:\/\/www.encoremusic.it\/wp_2021\/wp-json\/wp\/v2\/types\/product"}],"replies":[{"embeddable":true,"href":"https:\/\/www.encoremusic.it\/wp_2021\/wp-json\/wp\/v2\/comments?post=1408"}],"wp:featuredmedia":[{"embeddable":true,"href":"https:\/\/www.encoremusic.it\/wp_2021\/wp-json\/wp\/v2\/media\/1407"}],"wp:attachment":[{"href":"https:\/\/www.encoremusic.it\/wp_2021\/wp-json\/wp\/v2\/media?parent=1408"}],"wp:term":[{"taxonomy":"product_cat","embeddable":true,"href":"https:\/\/www.encoremusic.it\/wp_2021\/wp-json\/wp\/v2\/product_cat?post=1408"},{"taxonomy":"product_tag","embeddable":true,"href":"https:\/\/www.encoremusic.it\/wp_2021\/wp-json\/wp\/v2\/product_tag?post=1408"}],"curies":[{"name":"wp","href":"https:\/\/api.w.org\/{rel}","templated":true}]}}