{"id":120,"date":"2020-12-24T12:00:12","date_gmt":"2020-12-24T11:00:12","guid":{"rendered":"http:\/\/www.encoremusic.it\/wp_2021\/?post_type=product&#038;p=120"},"modified":"2021-11-16T17:49:31","modified_gmt":"2021-11-16T16:49:31","slug":"cristiano-arcelli-solaris","status":"publish","type":"product","link":"https:\/\/www.encoremusic.it\/wp_2021\/prodotto\/cristiano-arcelli-solaris\/","title":{"rendered":"Solaris"},"content":{"rendered":"<p>[et_pb_section fb_built=&#8221;1&#8243; _builder_version=&#8221;4.9.1&#8243; background_color=&#8221;#000000&#8243; custom_padding=&#8221;0px||||false|false&#8221; da_disable_devices=&#8221;off|off|off&#8221; da_is_popup=&#8221;off&#8221; da_exit_intent=&#8221;off&#8221; da_has_close=&#8221;on&#8221; da_alt_close=&#8221;off&#8221; da_dark_close=&#8221;off&#8221; da_not_modal=&#8221;on&#8221; da_is_singular=&#8221;off&#8221; da_with_loader=&#8221;off&#8221; da_has_shadow=&#8221;on&#8221;][et_pb_row _builder_version=&#8221;3.25&#8243; background_size=&#8221;initial&#8221; background_position=&#8221;top_left&#8221; background_repeat=&#8221;repeat&#8221; width=&#8221;100%&#8221; custom_padding=&#8221;0px||0px||false|false&#8221;][et_pb_column type=&#8221;4_4&#8243; _builder_version=&#8221;3.25&#8243; custom_padding=&#8221;|||&#8221; custom_padding__hover=&#8221;|||&#8221;][et_pb_wc_breadcrumb _builder_version=&#8221;4.9.1&#8243; body_text_color=&#8221;#FFFFFF&#8221;][\/et_pb_wc_breadcrumb][\/et_pb_column][\/et_pb_row][et_pb_row column_structure=&#8221;1_2,1_2&#8243; _builder_version=&#8221;3.25&#8243; background_size=&#8221;initial&#8221; background_position=&#8221;top_left&#8221; background_repeat=&#8221;repeat&#8221; width=&#8221;100%&#8221; custom_padding=&#8221;0px||||false|false&#8221;][et_pb_column type=&#8221;1_2&#8243; _builder_version=&#8221;3.25&#8243; custom_padding=&#8221;|||&#8221; custom_padding__hover=&#8221;|||&#8221;][et_pb_wc_images _builder_version=&#8221;3.0.47&#8243;][\/et_pb_wc_images][\/et_pb_column][et_pb_column type=&#8221;1_2&#8243; _builder_version=&#8221;3.25&#8243; custom_padding=&#8221;|||&#8221; custom_padding__hover=&#8221;|||&#8221;][et_pb_wc_title _builder_version=&#8221;4.9.1&#8243; header_text_color=&#8221;#FFFFFF&#8221;][\/et_pb_wc_title][et_pb_wc_price _builder_version=&#8221;4.9.1&#8243; body_text_color=&#8221;#FF7C00&#8243; sale_price_text_color=&#8221;#FF7C00&#8243;][\/et_pb_wc_price][et_pb_wc_add_to_cart _builder_version=&#8221;4.9.1&#8243; fields_background_color=&#8221;#FFFFFF&#8221; fields_text_color=&#8221;#000000&#8243; fields_focus_text_color=&#8221;#000000&#8243; dropdown_menus_text_color=&#8221;#000000&#8243; dropdown_menus_focus_text_color=&#8221;#000000&#8243; custom_button=&#8221;on&#8221; button_text_color=&#8221;#FFFFFF&#8221; button_bg_color=&#8221;#FF7C00&#8243; button_border_color=&#8221;#FF7C00&#8243;][\/et_pb_wc_add_to_cart][\/et_pb_column][\/et_pb_row][et_pb_row _builder_version=&#8221;4.9.2&#8243; background_size=&#8221;initial&#8221; background_position=&#8221;top_left&#8221; background_repeat=&#8221;repeat&#8221; width=&#8221;100%&#8221; custom_padding=&#8221;0px||||false|false&#8221;][et_pb_column type=&#8221;4_4&#8243; _builder_version=&#8221;3.25&#8243; custom_padding=&#8221;|||&#8221; custom_padding__hover=&#8221;|||&#8221;][et_pb_wc_tabs active_tab_background_color=&#8221;RGBA(0,0,0,0)&#8221; inactive_tab_background_color=&#8221;RGBA(0,0,0,0)&#8221; active_tab_text_color=&#8221;#000000&#8243; include_tabs=&#8221;description||&#8221; _builder_version=&#8221;4.9.4&#8243; _module_preset=&#8221;default&#8221; tab_text_color=&#8221;RGBA(0,0,0,0)&#8221; body_text_color=&#8221;#FFFFFF&#8221; background_color=&#8221;#000000&#8243;][\/et_pb_wc_tabs][\/et_pb_column][\/et_pb_row][\/et_pb_section][et_pb_section fb_built=&#8221;1&#8243; _builder_version=&#8221;4.9.4&#8243; _module_preset=&#8221;default&#8221; hover_enabled=&#8221;0&#8243; da_disable_devices=&#8221;off|off|off&#8221; background_color=&#8221;#000000&#8243; sticky_enabled=&#8221;0&#8243; da_is_popup=&#8221;off&#8221; da_exit_intent=&#8221;off&#8221; da_has_close=&#8221;on&#8221; da_alt_close=&#8221;off&#8221; da_dark_close=&#8221;off&#8221; da_not_modal=&#8221;on&#8221; da_is_singular=&#8221;off&#8221; da_with_loader=&#8221;off&#8221; da_has_shadow=&#8221;on&#8221;][et_pb_row disabled_on=&#8221;off|off|off&#8221; admin_label=&#8221;CAROSELLO DESKTOP&#8221; _builder_version=&#8221;4.9.2&#8243; width=&#8221;100%&#8221; custom_padding=&#8221;0px|||||&#8221;][et_pb_column type=&#8221;4_4&#8243; _builder_version=&#8221;3.29.1&#8243;][et_pb_text admin_label=&#8221;ULTIME USCITE&#8221; _builder_version=&#8221;4.9.0&#8243; text_text_color=&#8221;rgba(255,255,255,0.5)&#8221; text_font_size=&#8221;16px&#8221; text_line_height=&#8221;1.8em&#8221; header_2_font=&#8221;Montserrat|300|||||||&#8221; header_2_font_size=&#8221;48px&#8221; header_2_line_height=&#8221;1.2em&#8221; header_3_font=&#8221;Montserrat|700||on|||||&#8221; header_3_text_color=&#8221;#001272&#8243; header_3_font_size=&#8221;16px&#8221; header_3_letter_spacing=&#8221;2px&#8221; header_3_line_height=&#8221;1.4em&#8221; background_layout=&#8221;dark&#8221; custom_padding=&#8221;0px|||||&#8221; header_2_font_size_tablet=&#8221;40px&#8221; header_2_font_size_phone=&#8221;30px&#8221; header_2_font_size_last_edited=&#8221;on|phone&#8221; header_3_font_size_tablet=&#8221;14px&#8221; header_3_font_size_phone=&#8221;&#8221; header_3_font_size_last_edited=&#8221;on|phone&#8221; text_text_align=&#8221;left&#8221; locked=&#8221;off&#8221;]<\/p>\n<h2 style=\"text-align: center;\">Le Ultime Uscite<\/h2>\n<p>[\/et_pb_text][et_pb_shop type=&#8221;latest&#8221; posts_number=&#8221;8&#8243; columns_number=&#8221;4&#8243; sale_badge_color=&#8221;#FF7C00&#8243; icon_hover_color=&#8221;#FF7C00&#8243; hover_icon=&#8221;%%377%%&#8221; disabled_on=&#8221;off|off|off&#8221; admin_label=&#8221;Prodotti a 4 Colonne&#8221; _builder_version=&#8221;4.9.1&#8243; _module_preset=&#8221;default&#8221; title_text_align=&#8221;center&#8221; title_text_color=&#8221;#ffffff&#8221; title_font_size=&#8221;1em&#8221; price_font=&#8221;|800|||||||&#8221; price_text_align=&#8221;center&#8221; price_text_color=&#8221;#001272&#8243; price_font_size=&#8221;24px&#8221; custom_padding=&#8221;||0px|||&#8221;][\/et_pb_shop][\/et_pb_column][\/et_pb_row][\/et_pb_section][et_pb_section fb_built=&#8221;1&#8243; admin_label=&#8221;Footer&#8221; _builder_version=&#8221;4.9.2&#8243; background_color=&#8221;#000000&#8243; use_background_color_gradient=&#8221;on&#8221; background_color_gradient_start=&#8221;#000000&#8243; background_color_gradient_end=&#8221;rgba(0,0,0,0)&#8221; background_color_gradient_end_position=&#8221;50%&#8221; background_color_gradient_overlays_image=&#8221;on&#8221; background_enable_image=&#8221;off&#8221; width=&#8221;100%&#8221; custom_padding=&#8221;0px|||||&#8221; da_disable_devices=&#8221;off|off|off&#8221; global_module=&#8221;461&#8243; saved_tabs=&#8221;all&#8221; locked=&#8221;off&#8221; da_is_popup=&#8221;off&#8221; da_exit_intent=&#8221;off&#8221; da_has_close=&#8221;on&#8221; da_alt_close=&#8221;off&#8221; da_dark_close=&#8221;off&#8221; da_not_modal=&#8221;on&#8221; da_is_singular=&#8221;off&#8221; da_with_loader=&#8221;off&#8221; da_has_shadow=&#8221;on&#8221;][et_pb_row _builder_version=&#8221;4.9.2&#8243; _module_preset=&#8221;default&#8221; width=&#8221;100%&#8221;][et_pb_column type=&#8221;4_4&#8243; _builder_version=&#8221;4.7.7&#8243; _module_preset=&#8221;default&#8221;][et_pb_divider color=&#8221;#ffffff&#8221; divider_position=&#8221;center&#8221; divider_weight=&#8221;3px&#8221; _builder_version=&#8221;4.7.7&#8243; _module_preset=&#8221;default&#8221;][\/et_pb_divider][\/et_pb_column][\/et_pb_row][et_pb_row column_structure=&#8221;1_3,1_3,1_3&#8243; make_equal=&#8221;on&#8221; _builder_version=&#8221;4.9.2&#8243; width=&#8221;100%&#8221; custom_padding=&#8221;||0px|||&#8221; locked=&#8221;off&#8221;][et_pb_column type=&#8221;1_3&#8243; _builder_version=&#8221;3.27.3&#8243;][et_pb_text _builder_version=&#8221;4.9.4&#8243; header_text_align=&#8221;center&#8221; header_text_color=&#8221;#FF7C00&#8243; header_2_font=&#8221;Montserrat|300|||||||&#8221; header_2_font_size=&#8221;40px&#8221; header_2_line_height=&#8221;1.2em&#8221; header_3_font=&#8221;Montserrat|700||on|||||&#8221; header_3_text_color=&#8221;#FF7C00&#8243; header_3_font_size=&#8221;16px&#8221; header_3_letter_spacing=&#8221;2px&#8221; header_3_line_height=&#8221;1.4em&#8221; text_orientation=&#8221;center&#8221; background_layout=&#8221;dark&#8221; max_width=&#8221;600px&#8221; header_2_font_size_tablet=&#8221;30px&#8221; header_2_font_size_phone=&#8221;20px&#8221; header_2_font_size_last_edited=&#8221;on|phone&#8221; header_3_font_size_tablet=&#8221;14px&#8221; header_3_font_size_phone=&#8221;&#8221; header_3_font_size_last_edited=&#8221;on|phone&#8221; locked=&#8221;off&#8221;]<\/p>\n<h2>Encore <strong>Music<\/strong><\/h2>\n<h3>Jazz Music Label<\/h3>\n<p>[\/et_pb_text][\/et_pb_column][et_pb_column type=&#8221;1_3&#8243; _builder_version=&#8221;3.27.3&#8243;][et_pb_button button_url=&#8221;#contatti&#8221; button_text=&#8221;CONTATTI&#8221; button_alignment=&#8221;center&#8221; _builder_version=&#8221;4.9.4&#8243; _module_preset=&#8221;default&#8221; custom_button=&#8221;on&#8221; button_text_color=&#8221;#FFFFFF&#8221; button_bg_color=&#8221;gcid-ba10a64e-42fa-4f71-b9b5-1bf61b053a2b&#8221; button_border_color=&#8221;gcid-ba10a64e-42fa-4f71-b9b5-1bf61b053a2b&#8221; global_colors_info=&#8221;{%22gcid-ba10a64e-42fa-4f71-b9b5-1bf61b053a2b%22:%91%22button_bg_color%22,%22button_border_color%22%93}&#8221;][\/et_pb_button][\/et_pb_column][et_pb_column type=&#8221;1_3&#8243; _builder_version=&#8221;3.27.3&#8243;][et_pb_text _builder_version=&#8221;4.9.4&#8243; text_line_height=&#8221;1.8em&#8221; link_text_align=&#8221;left&#8221; link_text_color=&#8221;#ffffff&#8221; header_text_align=&#8221;center&#8221; header_4_font=&#8221;Montserrat|700||on|||||&#8221; header_4_text_color=&#8221;#FF7C00&#8243; header_4_font_size=&#8221;14px&#8221; header_4_letter_spacing=&#8221;2px&#8221; header_4_line_height=&#8221;1.4em&#8221; text_orientation=&#8221;center&#8221; background_layout=&#8221;dark&#8221; max_width=&#8221;600px&#8221; locked=&#8221;off&#8221;]<\/p>\n<h4>SEGUICI SUI SOCIAL<\/h4>\n<p>[\/et_pb_text][et_pb_social_media_follow _builder_version=&#8221;4.9.4&#8243; _module_preset=&#8221;default&#8221; text_orientation=&#8221;center&#8221;][et_pb_social_media_follow_network social_network=&#8221;facebook&#8221; _builder_version=&#8221;4.9.4&#8243; _module_preset=&#8221;default&#8221; background_color=&#8221;#3b5998&#8243; follow_button=&#8221;off&#8221; url_new_window=&#8221;on&#8221;]facebook[\/et_pb_social_media_follow_network][et_pb_social_media_follow_network social_network=&#8221;twitter&#8221; _builder_version=&#8221;4.9.4&#8243; _module_preset=&#8221;default&#8221; background_color=&#8221;#00aced&#8221; follow_button=&#8221;off&#8221; url_new_window=&#8221;on&#8221;]twitter[\/et_pb_social_media_follow_network][et_pb_social_media_follow_network social_network=&#8221;youtube&#8221; _builder_version=&#8221;4.9.4&#8243; _module_preset=&#8221;default&#8221; background_color=&#8221;#a82400&#8243; follow_button=&#8221;off&#8221; url_new_window=&#8221;on&#8221;]youtube[\/et_pb_social_media_follow_network][\/et_pb_social_media_follow][\/et_pb_column][\/et_pb_row][\/et_pb_section]<\/p>\n","protected":false},"excerpt":{"rendered":"<p>Cristiano Arcelli ALTO SAX<br \/>\nStefano Senni Double BASS<br \/>\nBernardo Guerra DRUMS<\/p>\n","protected":false},"featured_media":345,"comment_status":"open","ping_status":"closed","template":"","meta":{"_et_pb_use_builder":"on","_et_pb_old_content":"<h2>Descrizione<\/h2>\r\nl jazz di questi anni rilegge la sua vicenda.\r\nNon \u00e8 la voglia di ricopiare quanto sia gi\u00e0 accaduto ma \u00e8 il modo di capire quanti sentieri appena tracciati siano ancora da percorrere, lavorando all\u2019interno di una musica che nel suo frenetico divenire ha sempre bruciato le tappe.\r\nIn questo disco il perugino Cristiano Arcelli si confronta con un formato che non ha tanti precedenti nella tradizione jazz, il trio composto da sax alto, contrabbasso e batteria, che ha impegnato per\u00f2 due protagonisti leggendari del jazz e del sax alto nel jazz, Ornette Coleman e Lee Konitz,\r\nalfieri di due approcci allo strumento tanto diversi.\r\nLa voce di Ornette \u00e8 stata terragna e bluesy, quella di Konitz \u00e8 ancora aerea, cristallina: da uomo dei suoi tempi Arcelli considera le esperienze e le scuole che entrambe rappresentano; catturando una caratteristica comune nella voglia di mettersi in gioco;\r\ncollocando il sax al centro della musica, alla ricerca di spunti e ispirazioni dalla tradizione su cui modellare brani di \u201cSolaris\u201d.\r\nDa questo nasce un racconto appassionante che cattura per il flusso continuo, per l\u2019alternarsi di situazioni che scorrono libere e consequenziali dalla traccia iniziale al finale di \u201cFar From Solaris\u201d.\r\nIntorno al sax di Arcelli i ritmi pulsanti di Stefano Senni al contrabbasso, maestro d\u2019intonazione e drive, e il giovane Bernardo Guerra alla\r\nbatteria, di cui questo disco conferma originalit\u00e0 e maturit\u00e0 artistica.\r\n<h2 class=\"yikes-custom-woo-tab-title yikes-custom-woo-tab-title-tracklist\">Tracklist<\/h2>\r\n1.Solaris 5:25\r\n2.Thanks For Your Kind Attention 4:50\r\n3.Artificial Flower 4:27\r\n4.Artificial Florist 2:29\r\n5.G 5:02\r\n6.Near Solaris 0:51\r\n7.B 3:35\r\n8.R 5:21\r\n9.S 4:21\r\n10.The Take 3:02\r\n11.Far From Solaris 3:08\r\n<h2 class=\"yikes-custom-woo-tab-title yikes-custom-woo-tab-title-credits\">Credits<\/h2>\r\nRecorded in February 2015\r\nCasa del Jazz Studios \u2013 Rome\r\nEngineer: Roberto LIOLI\r\nMixed in March 2015\r\nCasa del Jazz Studios \u2013 Rome\r\nby Roberto LIOLI, Cristiano ARCELLI\r\nMastered by Stefano CAPPELLI\r\nCreative Mastering \u2013 Forl\u00ec\r\nCover: Emiliano PONZI\r\nGraphics: Vittorio BARTOLI\r\nLiner Photo: Paolo SORIANI\r\nLiner Notes: Giuseppe VIGNA\r\n\r\nProduced by Roberto LIOLI and Vittorio BARTOLI","_et_gb_content_width":""},"product_cat":[33],"product_tag":[],"class_list":["post-120","product","type-product","status-publish","has-post-thumbnail","hentry","product_cat-encore-music"],"_links":{"self":[{"href":"https:\/\/www.encoremusic.it\/wp_2021\/wp-json\/wp\/v2\/product\/120","targetHints":{"allow":["GET"]}}],"collection":[{"href":"https:\/\/www.encoremusic.it\/wp_2021\/wp-json\/wp\/v2\/product"}],"about":[{"href":"https:\/\/www.encoremusic.it\/wp_2021\/wp-json\/wp\/v2\/types\/product"}],"replies":[{"embeddable":true,"href":"https:\/\/www.encoremusic.it\/wp_2021\/wp-json\/wp\/v2\/comments?post=120"}],"wp:featuredmedia":[{"embeddable":true,"href":"https:\/\/www.encoremusic.it\/wp_2021\/wp-json\/wp\/v2\/media\/345"}],"wp:attachment":[{"href":"https:\/\/www.encoremusic.it\/wp_2021\/wp-json\/wp\/v2\/media?parent=120"}],"wp:term":[{"taxonomy":"product_cat","embeddable":true,"href":"https:\/\/www.encoremusic.it\/wp_2021\/wp-json\/wp\/v2\/product_cat?post=120"},{"taxonomy":"product_tag","embeddable":true,"href":"https:\/\/www.encoremusic.it\/wp_2021\/wp-json\/wp\/v2\/product_tag?post=120"}],"curies":[{"name":"wp","href":"https:\/\/api.w.org\/{rel}","templated":true}]}}